{"id":1025,"date":"2023-10-01T22:57:16","date_gmt":"2023-10-02T02:57:16","guid":{"rendered":"https:\/\/refugiosdelmar.com\/?page_id=1025"},"modified":"2023-10-25T10:36:09","modified_gmt":"2023-10-25T14:36:09","slug":"reglas-generales","status":"publish","type":"page","link":"https:\/\/refugiosdelmar.com\/en\/reglas-generales\/","title":{"rendered":"Reglas Generales"},"content":{"rendered":"<div data-elementor-type=\"wp-page\" data-elementor-id=\"1025\" class=\"elementor elementor-1025\" data-elementor-post-type=\"page\">\n\t\t\t\t<div class=\"elementor-element elementor-element-1488dac e-con-full e-flex e-con e-parent\" data-id=\"1488dac\" data-element_type=\"container\" data-e-type=\"container\" data-settings=\"{&quot;background_background&quot;:&quot;classic&quot;}\">\n\t\t<div class=\"elementor-element elementor-element-9b61777 e-con-full e-flex e-con e-child\" data-id=\"9b61777\" data-element_type=\"container\" data-e-type=\"container\">\n\t\t\t\t<div class=\"elementor-element elementor-element-2df3d6d elementor-icon-list--layout-inline elementor-align-end elementor-mobile-align-center elementor-list-item-link-full_width elementor-widget elementor-widget-icon-list\" data-id=\"2df3d6d\" data-element_type=\"widget\" data-e-type=\"widget\" data-widget_type=\"icon-list.default\">\n\t\t\t\t<div class=\"elementor-widget-container\">\n\t\t\t\t\t\t\t<ul class=\"elementor-icon-list-items elementor-inline-items\">\n\t\t\t\t\t\t\t<li class=\"elementor-icon-list-item elementor-inline-item\">\n\t\t\t\t\t\t\t\t\t\t\t<a href=\"https:\/\/refugiosdelmar.com\/en\">\n\n\t\t\t\t\t\t\t\t\t\t\t<span class=\"elementor-icon-list-text\">Home<\/span>\n\t\t\t\t\t\t\t\t\t\t\t<\/a>\n\t\t\t\t\t\t\t\t\t<\/li>\n\t\t\t\t\t\t\t\t<li class=\"elementor-icon-list-item elementor-inline-item\">\n\t\t\t\t\t\t\t\t\t\t\t<span class=\"elementor-icon-list-icon\">\n\t\t\t\t\t\t\t<i aria-hidden=\"true\" class=\"fas fa-chevron-right\"><\/i>\t\t\t\t\t\t<\/span>\n\t\t\t\t\t\t\t\t\t\t<span class=\"elementor-icon-list-text\">Reglas Generales<\/span>\n\t\t\t\t\t\t\t\t\t<\/li>\n\t\t\t\t\t\t<\/ul>\n\t\t\t\t\t\t<\/div>\n\t\t\t\t<\/div>\n\t\t\t\t<\/div>\n\t\t<div class=\"elementor-element elementor-element-d2125e4 e-con-full e-flex e-con e-child\" data-id=\"d2125e4\" data-element_type=\"container\" data-e-type=\"container\" data-settings=\"{&quot;background_background&quot;:&quot;classic&quot;}\">\n\t\t\t\t<div class=\"elementor-element elementor-element-1d8c3f9 elementor-widget elementor-widget-heading\" data-id=\"1d8c3f9\" data-element_type=\"widget\" data-e-type=\"widget\" data-widget_type=\"heading.default\">\n\t\t\t\t<div class=\"elementor-widget-container\">\n\t\t\t\t\t<h2 class=\"elementor-heading-title elementor-size-default\">Reglas Generales<\/h2>\t\t\t\t<\/div>\n\t\t\t\t<\/div>\n\t\t\t\t<\/div>\n\t\t\t\t<\/div>\n\t\t<div class=\"elementor-element elementor-element-2fdb4dc e-flex e-con-boxed e-con e-parent\" data-id=\"2fdb4dc\" data-element_type=\"container\" data-e-type=\"container\">\n\t\t\t\t\t<div class=\"e-con-inner\">\n\t\t<div class=\"elementor-element elementor-element-246c4e2 e-con-full e-flex e-con e-child\" data-id=\"246c4e2\" data-element_type=\"container\" data-e-type=\"container\">\n\t\t<div class=\"elementor-element elementor-element-c523860 e-flex e-con-boxed e-con e-child\" data-id=\"c523860\" data-element_type=\"container\" data-e-type=\"container\">\n\t\t\t\t\t<div class=\"e-con-inner\">\n\t\t\t\t<div class=\"elementor-element elementor-element-d3cc2b5 elementor-widget elementor-widget-text-editor\" data-id=\"d3cc2b5\" data-element_type=\"widget\" data-e-type=\"widget\" data-widget_type=\"text-editor.default\">\n\t\t\t\t<div class=\"elementor-widget-container\">\n\t\t\t\t\t\t\t\t\t<p>Para que su estad\u00eda sea placentera, le pedimos por favor lea atentamente la siguiente informaci\u00f3n.<\/p><ul><li>Check In 15:00 hs.<\/li><li>Check Out: 12:00 hs.<br \/><br \/><\/li><\/ul><p><strong>INCLUYE:<\/strong><\/p><ul><li>S\u00e1banas<\/li><li>Toalla de mano<\/li><li>Confort<\/li><li>Hervidor<\/li><li>Frigobar<\/li><li>Lavaplatos Exterior<\/li><li>Parrilla<\/li><li>Fog\u00f3n<\/li><li>Quincho Techado<\/li><li>Estacionamiento<br \/><br \/><\/li><\/ul><p><strong>NO INCLUYE<\/strong> (deben traerlos los hu\u00e9spedes):<\/p><ul><li>Agua Potable\u00a0<\/li><li>Toalla<\/li><li>Cocina (cocinilla)<\/li><li>Utensilios (cuchillo, tenedor, cucharas, vasos, tazas)<\/li><li>Amenities (acondicionador, jab\u00f2n, etc)<br \/><br \/><\/li><\/ul><p><strong>EXTRAS:<\/strong><\/p><ul><li><strong>TINAJA<\/strong> $40000 Diario (se entrega con 2 sacos de le\u00f1a)<\/li><li><strong>PERSONAS<\/strong> extras (hasta 4 en carpa) $15000 por d\u00eda por persona.<\/li><li><strong>VISITAS<\/strong> $10000 (diario por persona)<\/li><li><strong>LATE CHECK OUT:<\/strong> $20000 (Sujeto a disponibilidad) Hasta las 19:00 hs.<\/li><li><strong>KIT COCINA para 2 personas.<\/strong> (cocinilla,platos,cubiertos, vasos, copas etc\u2026)<br \/><br \/><\/li><\/ul><p><strong>HORAS DE SILENCIO<\/strong><\/p><ul><li>00:00 hasta 7:00 hs<br \/><br \/><\/li><\/ul><p><strong>GENERALES<\/strong><\/p><ul><li>SE ACEPTAN MASCOTAS (previo aviso)<\/li><li>NO SE PUEDE FUMAR DENTRO DE LAS CABA\u00d1AS<\/li><li>AL FINALIZAR SU ESTADIA, LA BASURA DEBE SER COLOCADA EN LOS CONTENDORES<\/li><\/ul><div><strong>DATOS DE INTERES<\/strong><\/div><ul><li>ULTIMA BENCINERA COPEC <span class=\"w8qArf\"><a class=\"fl\" href=\"https:\/\/www.google.cl\/search?newwindow=1&amp;client=safari&amp;sca_esv=576513008&amp;hl=es&amp;cs=0&amp;sxsrf=AM9HkKloURoJxpwetFspuymjrohU4t52QQ:1698244396908&amp;q=copec+la+serena+direcci%C3%B3n&amp;ludocid=7252411469852289019&amp;sa=X&amp;ved=2ahUKEwi8tZOwtZGCAxUiqJUCHWbMCqYQ6BN6BAhjEAI\" data-ved=\"2ahUKEwi8tZOwtZGCAxUiqJUCHWbMCqYQ6BN6BAhjEAI\">Address<\/a>:\u00a0<\/span><span class=\"LrzXr\">Av Isl\u00f3n N\u00b0 2561, La Serena, Coquimbo o maps <a href=\"https:\/\/www.google.cl\/maps\/dir\/La+Serena,+Coquimbo\/COPEC\/@-29.8947459,-71.2702497,14z\/data=!3m1!4b1!4m13!4m12!1m5!1m1!1s0x9691ca649389f3c9:0x8a1787b3d1d84ccb!2m2!1d-71.2519374!2d-29.9026691!1m5!1m1!1s0x9691b58409c34323:0x64a5bdce9183a7fb!2m2!1d-71.2459275!2d-29.8874903?hl=es&amp;entry=ttu\">link<\/a><\/span><\/li><\/ul>\t\t\t\t\t\t\t\t<\/div>\n\t\t\t\t<\/div>\n\t\t\t\t\t<\/div>\n\t\t\t\t<\/div>\n\t\t\t\t<\/div>\n\t\t\t\t\t<\/div>\n\t\t\t\t<\/div>\n\t\t<div class=\"elementor-element elementor-element-6786e15 e-flex e-con-boxed e-con e-parent\" data-id=\"6786e15\" data-element_type=\"container\" data-e-type=\"container\">\n\t\t\t\t\t<div class=\"e-con-inner\">\n\t\t<div class=\"elementor-element elementor-element-7764a06 e-con-full e-flex e-con e-child\" data-id=\"7764a06\" data-element_type=\"container\" data-e-type=\"container\">\n\t\t\t\t<div class=\"elementor-element elementor-element-9aed7f1 elementor-widget elementor-widget-image\" data-id=\"9aed7f1\" data-element_type=\"widget\" data-e-type=\"widget\" data-widget_type=\"image.default\">\n\t\t\t\t<div class=\"elementor-widget-container\">\n\t\t\t\t\t\t\t\t\t\t\t\t\t\t\t<img fetchpriority=\"high\" decoding=\"async\" width=\"960\" height=\"1280\" src=\"https:\/\/refugiosdelmar.com\/wp-content\/uploads\/2023\/08\/26.jpeg\" class=\"attachment-full size-full wp-image-899\" alt=\"\" srcset=\"https:\/\/refugiosdelmar.com\/wp-content\/uploads\/2023\/08\/26.jpeg 960w, https:\/\/refugiosdelmar.com\/wp-content\/uploads\/2023\/08\/26-225x300.jpeg 225w, https:\/\/refugiosdelmar.com\/wp-content\/uploads\/2023\/08\/26-768x1024.jpeg 768w, https:\/\/refugiosdelmar.com\/wp-content\/uploads\/2023\/08\/26-9x12.jpeg 9w\" sizes=\"(max-width: 960px) 100vw, 960px\" \/>\t\t\t\t\t\t\t\t\t\t\t\t\t\t\t<\/div>\n\t\t\t\t<\/div>\n\t\t\t\t<\/div>\n\t\t<div class=\"elementor-element elementor-element-8252132 e-con-full e-flex e-con e-child\" data-id=\"8252132\" data-element_type=\"container\" data-e-type=\"container\">\n\t\t\t\t<div class=\"elementor-element elementor-element-ea73f7b elementor-widget elementor-widget-image\" data-id=\"ea73f7b\" data-element_type=\"widget\" data-e-type=\"widget\" data-widget_type=\"image.default\">\n\t\t\t\t<div class=\"elementor-widget-container\">\n\t\t\t\t\t\t\t\t\t\t\t\t\t\t\t<img decoding=\"async\" width=\"960\" height=\"1280\" src=\"https:\/\/refugiosdelmar.com\/wp-content\/uploads\/2023\/08\/25.jpeg\" class=\"attachment-full size-full wp-image-898\" alt=\"\" srcset=\"https:\/\/refugiosdelmar.com\/wp-content\/uploads\/2023\/08\/25.jpeg 960w, https:\/\/refugiosdelmar.com\/wp-content\/uploads\/2023\/08\/25-225x300.jpeg 225w, https:\/\/refugiosdelmar.com\/wp-content\/uploads\/2023\/08\/25-768x1024.jpeg 768w, https:\/\/refugiosdelmar.com\/wp-content\/uploads\/2023\/08\/25-9x12.jpeg 9w\" sizes=\"(max-width: 960px) 100vw, 960px\" \/>\t\t\t\t\t\t\t\t\t\t\t\t\t\t\t<\/div>\n\t\t\t\t<\/div>\n\t\t\t\t<\/div>\n\t\t<div class=\"elementor-element elementor-element-95e6c84 e-con-full e-flex e-con e-child\" data-id=\"95e6c84\" data-element_type=\"container\" data-e-type=\"container\">\n\t\t\t\t<div class=\"elementor-element elementor-element-65f023f elementor-widget elementor-widget-image\" data-id=\"65f023f\" data-element_type=\"widget\" data-e-type=\"widget\" data-widget_type=\"image.default\">\n\t\t\t\t<div class=\"elementor-widget-container\">\n\t\t\t\t\t\t\t\t\t\t\t\t\t\t\t<img decoding=\"async\" width=\"960\" height=\"1280\" src=\"https:\/\/refugiosdelmar.com\/wp-content\/uploads\/2023\/08\/22.jpeg\" class=\"attachment-full size-full wp-image-895\" alt=\"\" srcset=\"https:\/\/refugiosdelmar.com\/wp-content\/uploads\/2023\/08\/22.jpeg 960w, https:\/\/refugiosdelmar.com\/wp-content\/uploads\/2023\/08\/22-225x300.jpeg 225w, https:\/\/refugiosdelmar.com\/wp-content\/uploads\/2023\/08\/22-768x1024.jpeg 768w, https:\/\/refugiosdelmar.com\/wp-content\/uploads\/2023\/08\/22-9x12.jpeg 9w\" sizes=\"(max-width: 960px) 100vw, 960px\" \/>\t\t\t\t\t\t\t\t\t\t\t\t\t\t\t<\/div>\n\t\t\t\t<\/div>\n\t\t\t\t<\/div>\n\t\t\t\t\t<\/div>\n\t\t\t\t<\/div>\n\t\t<div class=\"elementor-element elementor-element-fc75018 e-flex e-con-boxed e-con e-parent\" data-id=\"fc75018\" data-element_type=\"container\" data-e-type=\"container\">\n\t\t\t\t\t<div class=\"e-con-inner\">\n\t\t<div class=\"elementor-element elementor-element-cffd502 e-con-full e-flex e-con e-child\" data-id=\"cffd502\" data-element_type=\"container\" data-e-type=\"container\">\n\t\t\t\t<div class=\"elementor-element elementor-element-251671c elementor-widget elementor-widget-text-editor\" data-id=\"251671c\" data-element_type=\"widget\" data-e-type=\"widget\" data-widget_type=\"text-editor.default\">\n\t\t\t\t<div class=\"elementor-widget-container\">\n\t\t\t\t\t\t\t\t\t<h3><span style=\"color: #8b6d49;\">Servicios Especiales:<\/span><\/h3><p>Contamos con dos tinajas calientes con vista al mar para arriendo diario (se entregan con 2 sacos de le\u00f1a),\u00a0cafeter\u00eda, venta de pescado del d\u00eda, arriendo de trajes de pesca, carretes y ca\u00f1a y venta de art\u00edculos relacionados.<\/p>\t\t\t\t\t\t\t\t<\/div>\n\t\t\t\t<\/div>\n\t\t\t\t<\/div>\n\t\t\t\t\t<\/div>\n\t\t\t\t<\/div>\n\t\t<div class=\"elementor-element elementor-element-13eaf24 e-flex e-con-boxed e-con e-parent\" data-id=\"13eaf24\" data-element_type=\"container\" data-e-type=\"container\">\n\t\t\t\t\t<div class=\"e-con-inner\">\n\t\t<div class=\"elementor-element elementor-element-1619392 e-con-full e-flex e-con e-child\" data-id=\"1619392\" data-element_type=\"container\" data-e-type=\"container\">\n\t\t\t\t<div class=\"elementor-element elementor-element-cef84f9 elementor-widget elementor-widget-image\" data-id=\"cef84f9\" data-element_type=\"widget\" data-e-type=\"widget\" data-widget_type=\"image.default\">\n\t\t\t\t<div class=\"elementor-widget-container\">\n\t\t\t\t\t\t\t\t\t\t\t\t\t\t\t<img loading=\"lazy\" decoding=\"async\" width=\"960\" height=\"1280\" src=\"https:\/\/refugiosdelmar.com\/wp-content\/uploads\/2023\/08\/27.jpeg\" class=\"attachment-full size-full wp-image-900\" alt=\"\" srcset=\"https:\/\/refugiosdelmar.com\/wp-content\/uploads\/2023\/08\/27.jpeg 960w, https:\/\/refugiosdelmar.com\/wp-content\/uploads\/2023\/08\/27-225x300.jpeg 225w, https:\/\/refugiosdelmar.com\/wp-content\/uploads\/2023\/08\/27-768x1024.jpeg 768w, https:\/\/refugiosdelmar.com\/wp-content\/uploads\/2023\/08\/27-9x12.jpeg 9w\" sizes=\"(max-width: 960px) 100vw, 960px\" \/>\t\t\t\t\t\t\t\t\t\t\t\t\t\t\t<\/div>\n\t\t\t\t<\/div>\n\t\t\t\t<\/div>\n\t\t<div class=\"elementor-element elementor-element-f9b9e44 e-con-full e-flex e-con e-child\" data-id=\"f9b9e44\" data-element_type=\"container\" data-e-type=\"container\">\n\t\t\t\t<div class=\"elementor-element elementor-element-4aa226f elementor-widget elementor-widget-image\" data-id=\"4aa226f\" data-element_type=\"widget\" data-e-type=\"widget\" data-widget_type=\"image.default\">\n\t\t\t\t<div class=\"elementor-widget-container\">\n\t\t\t\t\t\t\t\t\t\t\t\t\t\t\t<img loading=\"lazy\" decoding=\"async\" width=\"960\" height=\"1280\" src=\"https:\/\/refugiosdelmar.com\/wp-content\/uploads\/2023\/08\/21.jpeg\" class=\"attachment-full size-full wp-image-894\" alt=\"\" srcset=\"https:\/\/refugiosdelmar.com\/wp-content\/uploads\/2023\/08\/21.jpeg 960w, https:\/\/refugiosdelmar.com\/wp-content\/uploads\/2023\/08\/21-225x300.jpeg 225w, https:\/\/refugiosdelmar.com\/wp-content\/uploads\/2023\/08\/21-768x1024.jpeg 768w, https:\/\/refugiosdelmar.com\/wp-content\/uploads\/2023\/08\/21-9x12.jpeg 9w\" sizes=\"(max-width: 960px) 100vw, 960px\" \/>\t\t\t\t\t\t\t\t\t\t\t\t\t\t\t<\/div>\n\t\t\t\t<\/div>\n\t\t\t\t<\/div>\n\t\t<div class=\"elementor-element elementor-element-817316a e-con-full e-flex e-con e-child\" data-id=\"817316a\" data-element_type=\"container\" data-e-type=\"container\">\n\t\t\t\t<div class=\"elementor-element elementor-element-7925629 elementor-widget elementor-widget-image\" data-id=\"7925629\" data-element_type=\"widget\" data-e-type=\"widget\" data-widget_type=\"image.default\">\n\t\t\t\t<div class=\"elementor-widget-container\">\n\t\t\t\t\t\t\t\t\t\t\t\t\t\t\t<img loading=\"lazy\" decoding=\"async\" width=\"960\" height=\"1280\" src=\"https:\/\/refugiosdelmar.com\/wp-content\/uploads\/2023\/08\/18.jpeg\" class=\"attachment-full size-full wp-image-891\" alt=\"\" srcset=\"https:\/\/refugiosdelmar.com\/wp-content\/uploads\/2023\/08\/18.jpeg 960w, https:\/\/refugiosdelmar.com\/wp-content\/uploads\/2023\/08\/18-225x300.jpeg 225w, https:\/\/refugiosdelmar.com\/wp-content\/uploads\/2023\/08\/18-768x1024.jpeg 768w, https:\/\/refugiosdelmar.com\/wp-content\/uploads\/2023\/08\/18-9x12.jpeg 9w\" sizes=\"(max-width: 960px) 100vw, 960px\" \/>\t\t\t\t\t\t\t\t\t\t\t\t\t\t\t<\/div>\n\t\t\t\t<\/div>\n\t\t\t\t<\/div>\n\t\t\t\t\t<\/div>\n\t\t\t\t<\/div>\n\t\t\t\t<\/div>","protected":false},"excerpt":{"rendered":"<p>Inicio Para que su estad\u00eda sea placentera, le pedimos por favor lea atentamente la siguiente informaci\u00f3n. Check In 15:00 hs. Check Out: 12:00 hs. INCLUYE: S\u00e1banas Toalla de mano Confort Hervidor Frigobar Lavaplatos Exterior Parrilla Fog\u00f3n Quincho Techado Estacionamiento NO INCLUYE (deben traerlos los hu\u00e9spedes): Agua Potable\u00a0 Toalla Cocina (cocinilla) Utensilios (cuchillo, tenedor, cucharas, vasos, [&hellip;]<\/p>\n","protected":false},"author":1,"featured_media":0,"parent":0,"menu_order":0,"comment_status":"closed","ping_status":"closed","template":"elementor_header_footer","meta":{"footnotes":""},"class_list":["post-1025","page","type-page","status-publish","hentry"],"_links":{"self":[{"href":"https:\/\/refugiosdelmar.com\/en\/wp-json\/wp\/v2\/pages\/1025","targetHints":{"allow":["GET"]}}],"collection":[{"href":"https:\/\/refugiosdelmar.com\/en\/wp-json\/wp\/v2\/pages"}],"about":[{"href":"https:\/\/refugiosdelmar.com\/en\/wp-json\/wp\/v2\/types\/page"}],"author":[{"embeddable":true,"href":"https:\/\/refugiosdelmar.com\/en\/wp-json\/wp\/v2\/users\/1"}],"replies":[{"embeddable":true,"href":"https:\/\/refugiosdelmar.com\/en\/wp-json\/wp\/v2\/comments?post=1025"}],"version-history":[{"count":10,"href":"https:\/\/refugiosdelmar.com\/en\/wp-json\/wp\/v2\/pages\/1025\/revisions"}],"predecessor-version":[{"id":1063,"href":"https:\/\/refugiosdelmar.com\/en\/wp-json\/wp\/v2\/pages\/1025\/revisions\/1063"}],"wp:attachment":[{"href":"https:\/\/refugiosdelmar.com\/en\/wp-json\/wp\/v2\/media?parent=1025"}],"curies":[{"name":"wp","href":"https:\/\/api.w.org\/{rel}","templated":true}]}}