{"id":763,"date":"2023-07-04T14:20:04","date_gmt":"2023-07-04T18:20:04","guid":{"rendered":"https:\/\/refugiosdelmar.com\/?page_id=763"},"modified":"2023-10-01T22:50:59","modified_gmt":"2023-10-02T02:50:59","slug":"actividades-y-servicios","status":"publish","type":"page","link":"https:\/\/refugiosdelmar.com\/en\/actividades-y-servicios\/","title":{"rendered":"Actividades y Servicios"},"content":{"rendered":"<link rel=\"stylesheet\" href=\"https:\/\/refugiosdelmar.com\/wp-content\/plugins\/elementor\/assets\/css\/widget-icon-list.min.css\">\n<ul>\n<li>\n\t\t\t\t\t\t\t\t\t\tInicio<\/li>\n<li><\/li>\n<\/ul>\n<p><strong>A solo 120 kms de la Serena los invitamos a conocer este nuevo concepto de Glamping. Una experiencia diferente con una ubicaci\u00f3n privilegiada en medio de las mejores playas del norte con una espectacular vista frente a isla Damas a 5 minutos de Punta de Choros y a 20 minutos de Cha\u00f1aral de Aceituno.<br \/>\nPlaya las Tacas es \u00fanica, privada y se caracteriza por sus arenas blancas y aguas turquesas y adem\u00e1s contamos con un excelente acceso.<br \/>\nRefugios del Mar quiere entregar a ti y tu familia algo que hasta ahora no exist\u00eda, con mejores comodidades para disfrutar de una experiencia inolvidable.<br \/>\nTe ofrecemos distintas actividades a realizar durante tu estad\u00eda con nosotros, como tours a las islas cercanas a ver ballenas y delfines, surf, pesca deportiva, clases de buceo y adem\u00e1s disfrutar de toda la flora y fauna de este entorno natural que nos rodea.<br \/>\nNuestro Glamping tiene 8 sitios iguales con vista al mar, excelente seguridad y las mejores condiciones para tener unas maravillosas vacaciones, tambi\u00e9n<br \/>\nen sus cercan\u00edas existen almacenes, caleta de pescadores, vulcanizaci\u00f3n, restaurantes y una posta para cualquier situaci\u00f3n inesperada.<br \/>\n<\/strong><\/p>\n<style>\/*! elementor - v3.14.0 - 26-06-2023 *\/<br \/>\n.elementor-widget-image{text-align:center}.elementor-widget-image a{display:inline-block}.elementor-widget-image a img[src$=\".svg\"]{width:48px}.elementor-widget-image img{vertical-align:middle;display:inline-block}<\/style>\n<p>\t\t\t\t\t\t\t\t\t\t\t\t<img loading=\"lazy\" decoding=\"async\" width=\"960\" height=\"1280\" src=\"https:\/\/refugiosdelmar.com\/wp-content\/uploads\/2023\/08\/26.jpeg\" alt=\"\" loading=\"lazy\" srcset=\"https:\/\/refugiosdelmar.com\/wp-content\/uploads\/2023\/08\/26.jpeg 960w, https:\/\/refugiosdelmar.com\/wp-content\/uploads\/2023\/08\/26-225x300.jpeg 225w, https:\/\/refugiosdelmar.com\/wp-content\/uploads\/2023\/08\/26-768x1024.jpeg 768w, https:\/\/refugiosdelmar.com\/wp-content\/uploads\/2023\/08\/26-9x12.jpeg 9w\" sizes=\"auto, (max-width: 960px) 100vw, 960px\" \/><br \/>\n<img loading=\"lazy\" decoding=\"async\" width=\"960\" height=\"1280\" src=\"https:\/\/refugiosdelmar.com\/wp-content\/uploads\/2023\/08\/25.jpeg\" alt=\"\" loading=\"lazy\" srcset=\"https:\/\/refugiosdelmar.com\/wp-content\/uploads\/2023\/08\/25.jpeg 960w, https:\/\/refugiosdelmar.com\/wp-content\/uploads\/2023\/08\/25-225x300.jpeg 225w, https:\/\/refugiosdelmar.com\/wp-content\/uploads\/2023\/08\/25-768x1024.jpeg 768w, https:\/\/refugiosdelmar.com\/wp-content\/uploads\/2023\/08\/25-9x12.jpeg 9w\" sizes=\"auto, (max-width: 960px) 100vw, 960px\" \/><br \/>\n<img loading=\"lazy\" decoding=\"async\" width=\"960\" height=\"1280\" src=\"https:\/\/refugiosdelmar.com\/wp-content\/uploads\/2023\/08\/22.jpeg\" alt=\"\" loading=\"lazy\" srcset=\"https:\/\/refugiosdelmar.com\/wp-content\/uploads\/2023\/08\/22.jpeg 960w, https:\/\/refugiosdelmar.com\/wp-content\/uploads\/2023\/08\/22-225x300.jpeg 225w, https:\/\/refugiosdelmar.com\/wp-content\/uploads\/2023\/08\/22-768x1024.jpeg 768w, https:\/\/refugiosdelmar.com\/wp-content\/uploads\/2023\/08\/22-9x12.jpeg 9w\" sizes=\"auto, (max-width: 960px) 100vw, 960px\" \/><\/p>\n<h3>Servicios Especiales:<\/h3>\n<p>Contamos con dos tinajas calientes con vista al mar para arriendo diario (se entregan con 2 sacos de le\u00f1a),\u00a0cafeter\u00eda, venta de pescado del d\u00eda, arriendo de trajes de pesca, carretes y ca\u00f1a y venta de art\u00edculos relacionados.<\/p>\n<p><img loading=\"lazy\" decoding=\"async\" width=\"960\" height=\"1280\" src=\"https:\/\/refugiosdelmar.com\/wp-content\/uploads\/2023\/08\/27.jpeg\" alt=\"\" loading=\"lazy\" srcset=\"https:\/\/refugiosdelmar.com\/wp-content\/uploads\/2023\/08\/27.jpeg 960w, https:\/\/refugiosdelmar.com\/wp-content\/uploads\/2023\/08\/27-225x300.jpeg 225w, https:\/\/refugiosdelmar.com\/wp-content\/uploads\/2023\/08\/27-768x1024.jpeg 768w, https:\/\/refugiosdelmar.com\/wp-content\/uploads\/2023\/08\/27-9x12.jpeg 9w\" sizes=\"auto, (max-width: 960px) 100vw, 960px\" \/><br \/>\n<img loading=\"lazy\" decoding=\"async\" width=\"960\" height=\"1280\" src=\"https:\/\/refugiosdelmar.com\/wp-content\/uploads\/2023\/08\/21.jpeg\" alt=\"\" loading=\"lazy\" srcset=\"https:\/\/refugiosdelmar.com\/wp-content\/uploads\/2023\/08\/21.jpeg 960w, https:\/\/refugiosdelmar.com\/wp-content\/uploads\/2023\/08\/21-225x300.jpeg 225w, https:\/\/refugiosdelmar.com\/wp-content\/uploads\/2023\/08\/21-768x1024.jpeg 768w, https:\/\/refugiosdelmar.com\/wp-content\/uploads\/2023\/08\/21-9x12.jpeg 9w\" sizes=\"auto, (max-width: 960px) 100vw, 960px\" \/><br \/>\n<img loading=\"lazy\" decoding=\"async\" width=\"960\" height=\"1280\" src=\"https:\/\/refugiosdelmar.com\/wp-content\/uploads\/2023\/08\/18.jpeg\" alt=\"\" loading=\"lazy\" srcset=\"https:\/\/refugiosdelmar.com\/wp-content\/uploads\/2023\/08\/18.jpeg 960w, https:\/\/refugiosdelmar.com\/wp-content\/uploads\/2023\/08\/18-225x300.jpeg 225w, https:\/\/refugiosdelmar.com\/wp-content\/uploads\/2023\/08\/18-768x1024.jpeg 768w, https:\/\/refugiosdelmar.com\/wp-content\/uploads\/2023\/08\/18-9x12.jpeg 9w\" sizes=\"auto, (max-width: 960px) 100vw, 960px\" \/><\/p>\n","protected":false},"excerpt":{"rendered":"<p>Inicio A solo 120 kms de la Serena los invitamos a conocer este nuevo concepto de Glamping. Una experiencia diferente con una ubicaci\u00f3n privilegiada en medio de las mejores playas del norte con una espectacular vista frente a isla Damas a 5 minutos de Punta de Choros y a 20 minutos de Cha\u00f1aral de Aceituno. [&hellip;]<\/p>\n","protected":false},"author":2,"featured_media":0,"parent":0,"menu_order":0,"comment_status":"closed","ping_status":"closed","template":"elementor_header_footer","meta":{"footnotes":""},"class_list":["post-763","page","type-page","status-publish","hentry"],"_links":{"self":[{"href":"https:\/\/refugiosdelmar.com\/en\/wp-json\/wp\/v2\/pages\/763","targetHints":{"allow":["GET"]}}],"collection":[{"href":"https:\/\/refugiosdelmar.com\/en\/wp-json\/wp\/v2\/pages"}],"about":[{"href":"https:\/\/refugiosdelmar.com\/en\/wp-json\/wp\/v2\/types\/page"}],"author":[{"embeddable":true,"href":"https:\/\/refugiosdelmar.com\/en\/wp-json\/wp\/v2\/users\/2"}],"replies":[{"embeddable":true,"href":"https:\/\/refugiosdelmar.com\/en\/wp-json\/wp\/v2\/comments?post=763"}],"version-history":[{"count":42,"href":"https:\/\/refugiosdelmar.com\/en\/wp-json\/wp\/v2\/pages\/763\/revisions"}],"predecessor-version":[{"id":1024,"href":"https:\/\/refugiosdelmar.com\/en\/wp-json\/wp\/v2\/pages\/763\/revisions\/1024"}],"wp:attachment":[{"href":"https:\/\/refugiosdelmar.com\/en\/wp-json\/wp\/v2\/media?parent=763"}],"curies":[{"name":"wp","href":"https:\/\/api.w.org\/{rel}","templated":true}]}}